{"id":2551,"date":"2018-02-22T13:58:05","date_gmt":"2018-02-22T13:58:05","guid":{"rendered":"http:\/\/matchpoint-world.de?page_id=2551"},"modified":"2025-09-28T17:26:30","modified_gmt":"2025-09-28T17:26:30","slug":"shops","status":"publish","type":"page","link":"https:\/\/matchpoint-world.de\/en\/shops","title":{"rendered":"Casual Wear"},"content":{"rendered":"<div id='full_slider_1'  class='avia-fullwidth-slider main_color avia-shadow   avia-builder-el-0  el_before_av_section  avia-builder-el-first   container_wrap sidebar_right'  >\n<style type=\"text\/css\" data-created_by=\"avia_inline_auto\" id=\"style-css-av-1jz7mxj-a93fdd6c933bde7ef2f6f8393fd354b9\">\n#top #wrap_all .avia-slideshow .av-slideshow-caption.av-1jz7mxj-a93fdd6c933bde7ef2f6f8393fd354b9__0 .avia-caption-title{\nfont-size:70px;\n}\n#top .avia-slideshow .av-slideshow-caption.av-1jz7mxj-a93fdd6c933bde7ef2f6f8393fd354b9__0 .avia-caption-content{\nfont-size:22px;\n}\n#top .avia-slideshow .av-slideshow-caption.av-1jz7mxj-a93fdd6c933bde7ef2f6f8393fd354b9__0 .avia-caption-content p{\nfont-size:22px;\n}\n#top #wrap_all .avia-slideshow .av-slideshow-caption.av-1jz7mxj-a93fdd6c933bde7ef2f6f8393fd354b9__1 .avia-caption-title{\nfont-size:70px;\n}\n#top .avia-slideshow .av-slideshow-caption.av-1jz7mxj-a93fdd6c933bde7ef2f6f8393fd354b9__1 .avia-caption-content{\nfont-size:22px;\n}\n#top .avia-slideshow .av-slideshow-caption.av-1jz7mxj-a93fdd6c933bde7ef2f6f8393fd354b9__1 .avia-caption-content p{\nfont-size:22px;\n}\n#top #wrap_all .avia-slideshow .av-slideshow-caption.av-1jz7mxj-a93fdd6c933bde7ef2f6f8393fd354b9__2 .avia-caption-title{\nfont-size:70px;\n}\n#top .avia-slideshow .av-slideshow-caption.av-1jz7mxj-a93fdd6c933bde7ef2f6f8393fd354b9__2 .avia-caption-content{\nfont-size:22px;\n}\n#top .avia-slideshow .av-slideshow-caption.av-1jz7mxj-a93fdd6c933bde7ef2f6f8393fd354b9__2 .avia-caption-content p{\nfont-size:22px;\n}\n<\/style>\n<div  class='avia-slideshow av-1jz7mxj-a93fdd6c933bde7ef2f6f8393fd354b9 avia-slideshow-no scaling av_slideshow_full avia-fade-slider av-slideshow-ui av-control-hidden av-no-slider-navigation av-hide-nav-arrows av-slideshow-autoplay av-loop-endless av-loop-manual-endless av-default-height-applied   avia-slideshow-1' data-slideshow-options=\"{&quot;animation&quot;:&quot;fade&quot;,&quot;autoplay&quot;:true,&quot;loop_autoplay&quot;:&quot;endless&quot;,&quot;interval&quot;:5,&quot;loop_manual&quot;:&quot;manual-endless&quot;,&quot;autoplay_stopper&quot;:false,&quot;noNavigation&quot;:true,&quot;bg_slider&quot;:false,&quot;keep_padding&quot;:false,&quot;hoverpause&quot;:false,&quot;show_slide_delay&quot;:0}\"  itemprop=\"image\" itemscope=\"itemscope\" itemtype=\"https:\/\/schema.org\/ImageObject\" ><ul class='avia-slideshow-inner ' style='padding-bottom: 40.4375%;'><li  class='avia-slideshow-slide av-1jz7mxj-a93fdd6c933bde7ef2f6f8393fd354b9__0  slide-1 slide-odd'><div data-rel='slideshow-1' class='avia-slide-wrap '   ><div class='av-slideshow-caption av-1jz7mxj-a93fdd6c933bde7ef2f6f8393fd354b9__0 caption_fullwidth caption_center'><div class=\"container caption_container\"><div class=\"slideshow_caption\"><div class=\"slideshow_inner_caption\"><div class=\"slideshow_align_caption\"><h2 class='avia-caption-title '  itemprop=\"name\" >Shop <strong>Casual Wear<\/strong><\/h2><\/div><\/div><\/div><\/div><\/div><img decoding=\"async\" fetchpriority=\"high\" class=\"wp-image-2603 avia-img-lazy-loading-not-2603\"  src=\"https:\/\/matchpoint-world.de\/wp-content\/uploads\/poco_slide1.jpg\" width=\"1600\" height=\"647\" title='poco_slide1' alt=''  itemprop=\"thumbnailUrl\" srcset=\"https:\/\/matchpoint-world.de\/wp-content\/uploads\/poco_slide1.jpg 1600w, https:\/\/matchpoint-world.de\/wp-content\/uploads\/poco_slide1-300x121.jpg 300w, https:\/\/matchpoint-world.de\/wp-content\/uploads\/poco_slide1-768x311.jpg 768w, https:\/\/matchpoint-world.de\/wp-content\/uploads\/poco_slide1-1500x607.jpg 1500w, https:\/\/matchpoint-world.de\/wp-content\/uploads\/poco_slide1-705x285.jpg 705w, https:\/\/matchpoint-world.de\/wp-content\/uploads\/poco_slide1-450x182.jpg 450w\" sizes=\"(max-width: 1600px) 100vw, 1600px\" \/><div class='av-section-color-overlay' style='opacity: 0.3; background-color: #000000; '><\/div><\/div><\/li><li  class='avia-slideshow-slide av-1jz7mxj-a93fdd6c933bde7ef2f6f8393fd354b9__1  slide-2 slide-even'><div data-rel='slideshow-1' class='avia-slide-wrap '   ><div class='av-slideshow-caption av-1jz7mxj-a93fdd6c933bde7ef2f6f8393fd354b9__1 caption_fullwidth caption_center'><div class=\"container caption_container\"><div class=\"slideshow_caption\"><div class=\"slideshow_inner_caption\"><div class=\"slideshow_align_caption\"><h2 class='avia-caption-title '  itemprop=\"name\" >Shop <strong>Casual Wear<\/strong><\/h2><br\/><a href='https:\/\/pocomas.shop\/'  target=\"_blank\"  rel=\"noopener noreferrer\" class='avia-slideshow-button avia-button avia-color-light ' data-duration='800' data-easing='easeInOutQuad'>Go To the website<\/a><\/div><\/div><\/div><\/div><\/div><img decoding=\"async\" fetchpriority=\"high\" class=\"wp-image-2605 avia-img-lazy-loading-not-2605\"  src=\"https:\/\/matchpoint-world.de\/wp-content\/uploads\/poco_slide2.jpg\" width=\"1600\" height=\"647\" title='poco_slide2' alt=''  itemprop=\"thumbnailUrl\" srcset=\"https:\/\/matchpoint-world.de\/wp-content\/uploads\/poco_slide2.jpg 1600w, https:\/\/matchpoint-world.de\/wp-content\/uploads\/poco_slide2-300x121.jpg 300w, https:\/\/matchpoint-world.de\/wp-content\/uploads\/poco_slide2-768x311.jpg 768w, https:\/\/matchpoint-world.de\/wp-content\/uploads\/poco_slide2-1500x607.jpg 1500w, https:\/\/matchpoint-world.de\/wp-content\/uploads\/poco_slide2-705x285.jpg 705w, https:\/\/matchpoint-world.de\/wp-content\/uploads\/poco_slide2-450x182.jpg 450w\" sizes=\"(max-width: 1600px) 100vw, 1600px\" \/><div class='av-section-color-overlay' style='opacity: 0.3; background-color: #000000; '><\/div><\/div><\/li><\/ul><div class='avia-slideshow-arrows avia-slideshow-controls' ><a href='#prev' class='prev-slide  avia-svg-icon avia-font-svg_entypo-fontello' data-av_svg_icon='left-open-big' data-av_iconset='svg_entypo-fontello' tabindex='-1' title=\"Previous\"><svg version=\"1.1\" xmlns=\"http:\/\/www.w3.org\/2000\/svg\" width=\"15\" height=\"32\" viewBox=\"0 0 15 32\" preserveAspectRatio=\"xMidYMid meet\" aria-labelledby='av-svg-title-1' aria-describedby='av-svg-desc-1' role=\"graphics-symbol\" aria-hidden=\"true\">\n<title id='av-svg-title-1'>Previous<\/title>\n<desc id='av-svg-desc-1'>Previous<\/desc>\n<path d=\"M14.464 27.84q0.832 0.832 0 1.536-0.832 0.832-1.536 0l-12.544-12.608q-0.768-0.768 0-1.6l12.544-12.608q0.704-0.832 1.536 0 0.832 0.704 0 1.536l-11.456 11.904z\"><\/path>\n<\/svg><span class='avia_hidden_link_text'>Previous<\/span><\/a><a href='#next' class='next-slide  avia-svg-icon avia-font-svg_entypo-fontello' data-av_svg_icon='right-open-big' data-av_iconset='svg_entypo-fontello' tabindex='-1' title=\"Next\"><svg version=\"1.1\" xmlns=\"http:\/\/www.w3.org\/2000\/svg\" width=\"15\" height=\"32\" viewBox=\"0 0 15 32\" preserveAspectRatio=\"xMidYMid meet\" aria-labelledby='av-svg-title-2' aria-describedby='av-svg-desc-2' role=\"graphics-symbol\" aria-hidden=\"true\">\n<title id='av-svg-title-2'>Next<\/title>\n<desc id='av-svg-desc-2'>Next<\/desc>\n<path d=\"M0.416 27.84l11.456-11.84-11.456-11.904q-0.832-0.832 0-1.536 0.832-0.832 1.536 0l12.544 12.608q0.768 0.832 0 1.6l-12.544 12.608q-0.704 0.832-1.536 0-0.832-0.704 0-1.536z\"><\/path>\n<\/svg><span class='avia_hidden_link_text'>Next<\/span><\/a><\/div><\/div><\/div>\n<div id='av_section_1'  class='avia-section av-1dld8uf-b8045b4a3e7113441d7f45ffe9586ae2 main_color avia-section-default avia-no-shadow  avia-builder-el-1  el_after_av_slideshow_full  avia-builder-el-last  avia-bg-style-scroll container_wrap sidebar_right'  ><div class='container av-section-cont-open' ><div class='template-page content  av-content-small alpha units'><div class='post-entry post-entry-type-page post-entry-2551'><div class='entry-content-wrapper clearfix'>\n\n<style type=\"text\/css\" data-created_by=\"avia_inline_auto\" id=\"style-css-av-1bd788n-02dccbbdc880c627eab54829d967d949\">\n.flex_column.av-1bd788n-02dccbbdc880c627eab54829d967d949{\nborder-radius:0px 0px 0px 0px;\npadding:0px 0px 0px 0px;\n}\n<\/style>\n<div  class='flex_column av-1bd788n-02dccbbdc880c627eab54829d967d949 av_one_fourth  avia-builder-el-2  el_before_av_one_half  avia-builder-el-first  first flex_column_div av-zero-column-padding  '     ><\/div>\n<style type=\"text\/css\" data-created_by=\"avia_inline_auto\" id=\"style-css-av-18xric7-6d68af5ac3807cd6c7ffb03d6a3c4d62\">\n.flex_column.av-18xric7-6d68af5ac3807cd6c7ffb03d6a3c4d62{\nborder-radius:0px 0px 0px 0px;\npadding:0px 0px 0px 0px;\n}\n<\/style>\n<div  class='flex_column av-18xric7-6d68af5ac3807cd6c7ffb03d6a3c4d62 av_one_half  avia-builder-el-3  el_after_av_one_fourth  el_before_av_one_fourth  flex_column_div av-zero-column-padding  '     ><style type=\"text\/css\" data-created_by=\"avia_inline_auto\" id=\"style-css-av-18julxj-e05b61702b7a4ddb16331da8e1465e0a\">\n.avia-image-container.av-18julxj-e05b61702b7a4ddb16331da8e1465e0a img.avia_image{\nbox-shadow:none;\n}\n.avia-image-container.av-18julxj-e05b61702b7a4ddb16331da8e1465e0a .av-image-caption-overlay-center{\ncolor:#ffffff;\n}\n<\/style>\n<div  class='avia-image-container av-18julxj-e05b61702b7a4ddb16331da8e1465e0a av-styling- avia-align-center  avia-builder-el-4  avia-builder-el-no-sibling '   itemprop=\"image\" itemscope=\"itemscope\" itemtype=\"https:\/\/schema.org\/ImageObject\" ><div class=\"avia-image-container-inner\"><div class=\"avia-image-overlay-wrap\"><img decoding=\"async\" fetchpriority=\"high\" class='wp-image-2068 avia-img-lazy-loading-not-2068 avia_image ' src=\"https:\/\/matchpoint-world.de\/wp-content\/uploads\/PocoMas_Logo_Web.jpg\" alt='' title='PocoMas_Logo_Web'  height=\"213\" width=\"567\"  itemprop=\"thumbnailUrl\" srcset=\"https:\/\/matchpoint-world.de\/wp-content\/uploads\/PocoMas_Logo_Web.jpg 567w, https:\/\/matchpoint-world.de\/wp-content\/uploads\/PocoMas_Logo_Web-300x113.jpg 300w, https:\/\/matchpoint-world.de\/wp-content\/uploads\/PocoMas_Logo_Web-450x169.jpg 450w\" sizes=\"(max-width: 567px) 100vw, 567px\" \/><\/div><\/div><\/div><\/div>\n<style type=\"text\/css\" data-created_by=\"avia_inline_auto\" id=\"style-css-av-160t7tj-0107d497eb6da99b9879176ef18c1e7e\">\n.flex_column.av-160t7tj-0107d497eb6da99b9879176ef18c1e7e{\nborder-radius:0px 0px 0px 0px;\npadding:0px 0px 0px 0px;\n}\n<\/style>\n<div  class='flex_column av-160t7tj-0107d497eb6da99b9879176ef18c1e7e av_one_fourth  avia-builder-el-5  el_after_av_one_half  el_before_av_hr  flex_column_div av-zero-column-padding  '     ><\/div>\n<style type=\"text\/css\" data-created_by=\"avia_inline_auto\" id=\"style-css-av-158cwtj-50da5a8efcc4eff2d665f32a90a9a7f1\">\n#top .hr.hr-invisible.av-158cwtj-50da5a8efcc4eff2d665f32a90a9a7f1{\nheight:50px;\n}\n<\/style>\n<div  class='hr av-158cwtj-50da5a8efcc4eff2d665f32a90a9a7f1 hr-invisible  avia-builder-el-6  el_after_av_one_fourth  el_before_av_one_fourth '><span class='hr-inner '><span class=\"hr-inner-style\"><\/span><\/span><\/div>\n<div  class='flex_column av-4t36yf-09258322edda1c6f2249da4f24796bdc av_one_fourth  avia-builder-el-7  el_after_av_hr  el_before_av_one_half  first flex_column_div  '     ><\/div>\n<style type=\"text\/css\" data-created_by=\"avia_inline_auto\" id=\"style-css-av-uswjbb-1f97f17c192e8028896017cae51bf958\">\n.flex_column.av-uswjbb-1f97f17c192e8028896017cae51bf958{\nborder-radius:0px 0px 0px 0px;\npadding:0px 0px 0px 0px;\n}\n<\/style>\n<div  class='flex_column av-uswjbb-1f97f17c192e8028896017cae51bf958 av_one_half  avia-builder-el-8  el_after_av_one_fourth  el_before_av_one_fourth  flex_column_div av-zero-column-padding  '     ><p>\n<style type=\"text\/css\" data-created_by=\"avia_inline_auto\" id=\"style-css-av-tayg6v-1fd6275ac50152cf4d78dc5416e1d4aa\">\n#top .av-special-heading.av-tayg6v-1fd6275ac50152cf4d78dc5416e1d4aa{\npadding-bottom:10px;\n}\nbody .av-special-heading.av-tayg6v-1fd6275ac50152cf4d78dc5416e1d4aa .av-special-heading-tag .heading-char{\nfont-size:25px;\n}\n.av-special-heading.av-tayg6v-1fd6275ac50152cf4d78dc5416e1d4aa .av-subheading{\nfont-size:15px;\n}\n<\/style>\n<div  class='av-special-heading av-tayg6v-1fd6275ac50152cf4d78dc5416e1d4aa av-special-heading-h2  avia-builder-el-9  el_before_av_textblock  avia-builder-el-first '><h2 class='av-special-heading-tag '  itemprop=\"headline\"  >Las Playitas<\/h2><div class=\"special-heading-border\"><div class=\"special-heading-inner-border\"><\/div><\/div><\/div><br \/>\n<section  class='av_textblock_section av-ruavg7-3dc6c868ae8d7b386ffb401b6cdcb1b3 '   itemscope=\"itemscope\" itemtype=\"https:\/\/schema.org\/CreativeWork\" ><div class='avia_textblock'  itemprop=\"text\" ><p>Hotel Las Playitas Resort s\/n<br \/>\n35629 Las Playitas<\/p>\n<\/div><\/section><br \/>\n<div  class='av_gmaps_sc_main_wrap av_gmaps_main_wrap '><div id='av_gmap_0' class='avia-google-map-container avia-google-map-sc av_gmaps_show_unconditionally av-no-fallback-img ' data-mapid='av_gmap_0'  style='height: 400px;'><a class=\"av_gmaps_browser_disabled av_text_confirm_link av_text_confirm_link_visible\" href=\"https:\/\/www.google.com\/maps\/search\/?api=1&#038;query=Hotel%20Las%20Playitas%20Resort%20%2035629%20Las%20Playitas%20%20Spanien\" target=\"_blank\">Maps were disabled by the visitor on this site. Click to open the map in a new window.<\/a><\/div><\/div><\/p><\/div><div  class='flex_column av-1x5rlj-5c337558807d4656a22c4cf93648d2df av_one_fourth  avia-builder-el-12  el_after_av_one_half  el_before_av_hr  flex_column_div  '     ><\/div>\n<style type=\"text\/css\" data-created_by=\"avia_inline_auto\" id=\"style-css-av-lyvf3r-89f1fb322869527c001b32a080ca2162\">\n#top .hr.hr-invisible.av-lyvf3r-89f1fb322869527c001b32a080ca2162{\nheight:50px;\n}\n<\/style>\n<div  class='hr av-lyvf3r-89f1fb322869527c001b32a080ca2162 hr-invisible  avia-builder-el-13  el_after_av_one_fourth  el_before_av_textblock '><span class='hr-inner '><span class=\"hr-inner-style\"><\/span><\/span><\/div>\n<section  class='av_textblock_section av-k1cuif-a6b8fe614853edcea68a62544de176e0 '   itemscope=\"itemscope\" itemtype=\"https:\/\/schema.org\/CreativeWork\" ><div class='avia_textblock'  itemprop=\"text\" ><p>In unserem Shop finden Sie folgende Marken:<\/p>\n<\/div><\/section>\n<div  class='avia-logo-element-container av-izae3b-6c2bc801d48786b7d9b38de0eac5b4e8 av-border-deactivate avia-logo-slider avia-content-slider avia-smallarrow-slider avia-content-slider-active noHover avia-content-slider-even  avia-builder-el-15  el_after_av_textblock  avia-builder-el-last  av-slideshow-ui av-control-hidden av-nav-arrows-visible av-nav-dots-visible av-no-slider-navigation av-hide-nav-arrows av-slideshow-autoplay av-loop-endless av-loop-manual-endless avia-content-slider1' data-slideshow-options=\"{&quot;animation&quot;:&quot;fade&quot;,&quot;autoplay&quot;:true,&quot;loop_autoplay&quot;:&quot;endless&quot;,&quot;interval&quot;:5,&quot;loop_manual&quot;:&quot;manual-endless&quot;,&quot;autoplay_stopper&quot;:false,&quot;noNavigation&quot;:true,&quot;bg_slider&quot;:false,&quot;keep_padding&quot;:&quot;&quot;,&quot;hoverpause&quot;:false,&quot;show_slide_delay&quot;:0}\"><div class='avia-smallarrow-slider-heading  no-logo-slider-heading '><\/div><div class=\"avia-content-slider-inner\"><div class=\"slide-entry-wrap\"><div  class='slide-entry av-h2j95j-4dac6b0fb6f62c4fa6a16150d25dad0a flex_column no_margin av_one_fourth real-thumbnail post-entry slide-entry-overview slide-loop-1 slide-parity-odd  first'><span class='av-partner-fake-img' style='padding-bottom:53.365384615385%; background-image:url(https:\/\/matchpoint-world.de\/wp-content\/uploads\/colline.png);'><\/span><\/div><div  class='slide-entry av-f3gqo7-6d30548fc5473fa7fe3b4781f429e1f9 flex_column no_margin av_one_fourth real-thumbnail post-entry slide-entry-overview slide-loop-2 slide-parity-even  '><span class='av-partner-fake-img' style='padding-bottom:53.365384615385%; background-image:url(https:\/\/matchpoint-world.de\/wp-content\/uploads\/gaastra.png);'><\/span><\/div><div  class='slide-entry av-dlaxrr-097240944c37b9104232b2f19fc8f081 flex_column no_margin av_one_fourth real-thumbnail post-entry slide-entry-overview slide-loop-3 slide-parity-odd  '><span class='av-partner-fake-img' style='padding-bottom:53.365384615385%; background-image:url(https:\/\/matchpoint-world.de\/wp-content\/uploads\/hilfiger.png);'><\/span><\/div><div  class='slide-entry av-cglj53-0df632679b98c9a877c1e0ad86a7b3e3 flex_column no_margin av_one_fourth real-thumbnail post-entry slide-entry-overview slide-loop-4 slide-parity-even  '><span class='av-partner-fake-img' style='padding-bottom:53.365384615385%; background-image:url(https:\/\/matchpoint-world.de\/wp-content\/uploads\/isla.png);'><\/span><\/div><\/div><div class=\"slide-entry-wrap\"><div  class='slide-entry av-a6ycyf-5331b749c6be01de8d4741d416e8501b flex_column no_margin av_one_fourth real-thumbnail post-entry slide-entry-overview slide-loop-5 slide-parity-odd  first'><span class='av-partner-fake-img' style='padding-bottom:53.365384615385%; background-image:url(https:\/\/matchpoint-world.de\/wp-content\/uploads\/mamat.png);'><\/span><\/div><div  class='slide-entry av-9db6qv-350ec091ffbba7c282aa2f02a52395bc flex_column no_margin av_one_fourth real-thumbnail post-entry slide-entry-overview slide-loop-6 slide-parity-even  '><span class='av-partner-fake-img' style='padding-bottom:53.365384615385%; background-image:url(https:\/\/matchpoint-world.de\/wp-content\/uploads\/nkn.png);'><\/span><\/div><div  class='slide-entry av-7kp86f-9e522addf07117a6a4a928d79c6c539a flex_column no_margin av_one_fourth real-thumbnail post-entry slide-entry-overview slide-loop-7 slide-parity-odd  '><span class='av-partner-fake-img' style='padding-bottom:53.365384615385%; background-image:url(https:\/\/matchpoint-world.de\/wp-content\/uploads\/pepe.png);'><\/span><\/div><div  class='slide-entry av-6dess7-b74ef04288b6d91125388b5412b77f2a flex_column no_margin av_one_fourth real-thumbnail post-entry slide-entry-overview slide-loop-8 slide-parity-even  '><span class='av-partner-fake-img' style='padding-bottom:53.365384615385%; background-image:url(https:\/\/matchpoint-world.de\/wp-content\/uploads\/polo.png);'><\/span><\/div><\/div><div class=\"slide-entry-wrap\"><div  class='slide-entry av-3ntn0n-53d49b9cff39c5192d72b241e2a2996f flex_column no_margin av_one_fourth real-thumbnail post-entry slide-entry-overview slide-loop-9 slide-parity-odd  first'><span class='av-partner-fake-img' style='padding-bottom:53.365384615385%; background-image:url(https:\/\/matchpoint-world.de\/wp-content\/uploads\/superdry.png);'><\/span><\/div><div  class='slide-entry av-2lltp3-0bb805a6ad8c30542c96b893c163bd30 flex_column no_margin av_one_fourth real-thumbnail post-entry slide-entry-overview slide-loop-10 slide-parity-even post-entry-last '><span class='av-partner-fake-img' style='padding-bottom:53.365384615385%; background-image:url(https:\/\/matchpoint-world.de\/wp-content\/uploads\/uvex.png);'><\/span><\/div><\/div><\/div><\/div>\n<\/div><\/div><\/div><!-- close content main div --><\/div><\/div><div id='after_section_1'  class='main_color av_default_container_wrap container_wrap sidebar_right'  ><div class='container av-section-cont-open' ><div class='template-page content  av-content-small alpha units'><div class='post-entry post-entry-type-page post-entry-2551'><div class='entry-content-wrapper clearfix'>\n","protected":false},"excerpt":{"rendered":"","protected":false},"author":1,"featured_media":0,"parent":0,"menu_order":0,"comment_status":"closed","ping_status":"closed","template":"","meta":{"footnotes":""},"class_list":["post-2551","page","type-page","status-publish","hentry"],"yoast_head":"<!-- This site is optimized with the Yoast SEO plugin v27.4 - https:\/\/yoast.com\/product\/yoast-seo-wordpress\/ -->\n<title>Markenstarke Premium Boutiquen auf Fuerteventura<\/title>\n<meta name=\"description\" content=\"In unseren Sportshops und Premium Botiquen im S\u00fcden Fuerteventuras f\u00fchren wir hochwertige Marken f\u00fcr Erwachsene und Kinder. Wir f\u00fchren folgende Marken: Hilfiger, Superdry, Pepe Jeans, Gaastra, Polo, Head, Kswiss, Bidi Badu, Speedo, etc\" \/>\n<meta name=\"robots\" content=\"index, follow, max-snippet:-1, max-image-preview:large, max-video-preview:-1\" \/>\n<link rel=\"canonical\" href=\"https:\/\/matchpoint-world.de\/en\/shops\" \/>\n<meta property=\"og:locale\" content=\"en_US\" \/>\n<meta property=\"og:type\" content=\"article\" \/>\n<meta property=\"og:title\" content=\"Markenstarke Premium Boutiquen auf Fuerteventura\" \/>\n<meta property=\"og:description\" content=\"In unseren Sportshops und Premium Botiquen im S\u00fcden Fuerteventuras f\u00fchren wir hochwertige Marken f\u00fcr Erwachsene und Kinder. Wir f\u00fchren folgende Marken: Hilfiger, Superdry, Pepe Jeans, Gaastra, Polo, Head, Kswiss, Bidi Badu, Speedo, etc\" \/>\n<meta property=\"og:url\" content=\"https:\/\/matchpoint-world.de\/en\/shops\" \/>\n<meta property=\"og:site_name\" content=\"Tennisschule Matchpoint\" \/>\n<meta property=\"article:modified_time\" content=\"2025-09-28T17:26:30+00:00\" \/>\n<meta name=\"twitter:card\" content=\"summary_large_image\" \/>\n<meta name=\"twitter:label1\" content=\"Est. reading time\" \/>\n\t<meta name=\"twitter:data1\" content=\"2 minutes\" \/>\n<script type=\"application\/ld+json\" class=\"yoast-schema-graph\">{\"@context\":\"https:\\\/\\\/schema.org\",\"@graph\":[{\"@type\":\"WebPage\",\"@id\":\"https:\\\/\\\/matchpoint-world.de\\\/en\\\/shops\",\"url\":\"https:\\\/\\\/matchpoint-world.de\\\/en\\\/shops\",\"name\":\"Markenstarke Premium Boutiquen auf Fuerteventura\",\"isPartOf\":{\"@id\":\"https:\\\/\\\/matchpoint-world.de\\\/en\\\/#website\"},\"datePublished\":\"2018-02-22T13:58:05+00:00\",\"dateModified\":\"2025-09-28T17:26:30+00:00\",\"description\":\"In unseren Sportshops und Premium Botiquen im S\u00fcden Fuerteventuras f\u00fchren wir hochwertige Marken f\u00fcr Erwachsene und Kinder. Wir f\u00fchren folgende Marken: Hilfiger, Superdry, Pepe Jeans, Gaastra, Polo, Head, Kswiss, Bidi Badu, Speedo, etc\",\"breadcrumb\":{\"@id\":\"https:\\\/\\\/matchpoint-world.de\\\/en\\\/shops#breadcrumb\"},\"inLanguage\":\"en-US\",\"potentialAction\":[{\"@type\":\"ReadAction\",\"target\":[\"https:\\\/\\\/matchpoint-world.de\\\/en\\\/shops\"]}]},{\"@type\":\"BreadcrumbList\",\"@id\":\"https:\\\/\\\/matchpoint-world.de\\\/en\\\/shops#breadcrumb\",\"itemListElement\":[{\"@type\":\"ListItem\",\"position\":1,\"name\":\"Startseite\",\"item\":\"https:\\\/\\\/matchpoint-world.de\\\/en\"},{\"@type\":\"ListItem\",\"position\":2,\"name\":\"Casual Wear\"}]},{\"@type\":\"WebSite\",\"@id\":\"https:\\\/\\\/matchpoint-world.de\\\/en\\\/#website\",\"url\":\"https:\\\/\\\/matchpoint-world.de\\\/en\\\/\",\"name\":\"Tennisschule Matchpoint\",\"description\":\"Schwimmschule Sharky\",\"potentialAction\":[{\"@type\":\"SearchAction\",\"target\":{\"@type\":\"EntryPoint\",\"urlTemplate\":\"https:\\\/\\\/matchpoint-world.de\\\/en\\\/?s={search_term_string}\"},\"query-input\":{\"@type\":\"PropertyValueSpecification\",\"valueRequired\":true,\"valueName\":\"search_term_string\"}}],\"inLanguage\":\"en-US\"}]}<\/script>\n<!-- \/ Yoast SEO plugin. -->","yoast_head_json":{"title":"Markenstarke Premium Boutiquen auf Fuerteventura","description":"In unseren Sportshops und Premium Botiquen im S\u00fcden Fuerteventuras f\u00fchren wir hochwertige Marken f\u00fcr Erwachsene und Kinder. Wir f\u00fchren folgende Marken: Hilfiger, Superdry, Pepe Jeans, Gaastra, Polo, Head, Kswiss, Bidi Badu, Speedo, etc","robots":{"index":"index","follow":"follow","max-snippet":"max-snippet:-1","max-image-preview":"max-image-preview:large","max-video-preview":"max-video-preview:-1"},"canonical":"https:\/\/matchpoint-world.de\/en\/shops","og_locale":"en_US","og_type":"article","og_title":"Markenstarke Premium Boutiquen auf Fuerteventura","og_description":"In unseren Sportshops und Premium Botiquen im S\u00fcden Fuerteventuras f\u00fchren wir hochwertige Marken f\u00fcr Erwachsene und Kinder. Wir f\u00fchren folgende Marken: Hilfiger, Superdry, Pepe Jeans, Gaastra, Polo, Head, Kswiss, Bidi Badu, Speedo, etc","og_url":"https:\/\/matchpoint-world.de\/en\/shops","og_site_name":"Tennisschule Matchpoint","article_modified_time":"2025-09-28T17:26:30+00:00","twitter_card":"summary_large_image","twitter_misc":{"Est. reading time":"2 minutes"},"schema":{"@context":"https:\/\/schema.org","@graph":[{"@type":"WebPage","@id":"https:\/\/matchpoint-world.de\/en\/shops","url":"https:\/\/matchpoint-world.de\/en\/shops","name":"Markenstarke Premium Boutiquen auf Fuerteventura","isPartOf":{"@id":"https:\/\/matchpoint-world.de\/en\/#website"},"datePublished":"2018-02-22T13:58:05+00:00","dateModified":"2025-09-28T17:26:30+00:00","description":"In unseren Sportshops und Premium Botiquen im S\u00fcden Fuerteventuras f\u00fchren wir hochwertige Marken f\u00fcr Erwachsene und Kinder. Wir f\u00fchren folgende Marken: Hilfiger, Superdry, Pepe Jeans, Gaastra, Polo, Head, Kswiss, Bidi Badu, Speedo, etc","breadcrumb":{"@id":"https:\/\/matchpoint-world.de\/en\/shops#breadcrumb"},"inLanguage":"en-US","potentialAction":[{"@type":"ReadAction","target":["https:\/\/matchpoint-world.de\/en\/shops"]}]},{"@type":"BreadcrumbList","@id":"https:\/\/matchpoint-world.de\/en\/shops#breadcrumb","itemListElement":[{"@type":"ListItem","position":1,"name":"Startseite","item":"https:\/\/matchpoint-world.de\/en"},{"@type":"ListItem","position":2,"name":"Casual Wear"}]},{"@type":"WebSite","@id":"https:\/\/matchpoint-world.de\/en\/#website","url":"https:\/\/matchpoint-world.de\/en\/","name":"Tennisschule Matchpoint","description":"Schwimmschule Sharky","potentialAction":[{"@type":"SearchAction","target":{"@type":"EntryPoint","urlTemplate":"https:\/\/matchpoint-world.de\/en\/?s={search_term_string}"},"query-input":{"@type":"PropertyValueSpecification","valueRequired":true,"valueName":"search_term_string"}}],"inLanguage":"en-US"}]}},"_links":{"self":[{"href":"https:\/\/matchpoint-world.de\/en\/wp-json\/wp\/v2\/pages\/2551","targetHints":{"allow":["GET"]}}],"collection":[{"href":"https:\/\/matchpoint-world.de\/en\/wp-json\/wp\/v2\/pages"}],"about":[{"href":"https:\/\/matchpoint-world.de\/en\/wp-json\/wp\/v2\/types\/page"}],"author":[{"embeddable":true,"href":"https:\/\/matchpoint-world.de\/en\/wp-json\/wp\/v2\/users\/1"}],"replies":[{"embeddable":true,"href":"https:\/\/matchpoint-world.de\/en\/wp-json\/wp\/v2\/comments?post=2551"}],"version-history":[{"count":0,"href":"https:\/\/matchpoint-world.de\/en\/wp-json\/wp\/v2\/pages\/2551\/revisions"}],"wp:attachment":[{"href":"https:\/\/matchpoint-world.de\/en\/wp-json\/wp\/v2\/media?parent=2551"}],"curies":[{"name":"wp","href":"https:\/\/api.w.org\/{rel}","templated":true}]}}