{"id":8665,"date":"2021-05-07T08:59:38","date_gmt":"2021-05-07T08:59:38","guid":{"rendered":"https:\/\/matchpoint-world.de\/?page_id=8665"},"modified":"2024-04-16T15:09:55","modified_gmt":"2024-04-16T15:09:55","slug":"padel","status":"publish","type":"page","link":"https:\/\/matchpoint-world.de\/en\/padel","title":{"rendered":"Padel"},"content":{"rendered":"<div id='full_slider_1'  class='avia-fullwidth-slider main_color avia-shadow   avia-builder-el-0  el_before_av_one_half  avia-builder-el-first   container_wrap sidebar_right'  >\n<style type=\"text\/css\" data-created_by=\"avia_inline_auto\" id=\"style-css-av-1rc0tdk-2ed166e5cdbccdf936c8219cfef5e4f7\">\n#top #wrap_all .avia-slideshow .av-slideshow-caption.av-1rc0tdk-2ed166e5cdbccdf936c8219cfef5e4f7__0 .avia-caption-title{\nfont-size:70px;\n}\n#top .avia-slideshow .av-slideshow-caption.av-1rc0tdk-2ed166e5cdbccdf936c8219cfef5e4f7__0 .avia-caption-content{\nfont-size:22px;\n}\n#top .avia-slideshow .av-slideshow-caption.av-1rc0tdk-2ed166e5cdbccdf936c8219cfef5e4f7__0 .avia-caption-content p{\nfont-size:22px;\n}\n#top #wrap_all .avia-slideshow .av-slideshow-caption.av-1rc0tdk-2ed166e5cdbccdf936c8219cfef5e4f7__1 .avia-caption-title{\nfont-size:70px;\n}\n#top .avia-slideshow .av-slideshow-caption.av-1rc0tdk-2ed166e5cdbccdf936c8219cfef5e4f7__1 .avia-caption-content{\nfont-size:22px;\n}\n#top .avia-slideshow .av-slideshow-caption.av-1rc0tdk-2ed166e5cdbccdf936c8219cfef5e4f7__1 .avia-caption-content p{\nfont-size:22px;\n}\n<\/style>\n<div  class='avia-slideshow av-1rc0tdk-2ed166e5cdbccdf936c8219cfef5e4f7 avia-slideshow-featured_large av_slideshow_full avia-fade-slider av-slideshow-ui av-control-minimal av-slideshow-autoplay av-loop-endless av-loop-manual-endless av-default-height-applied   avia-slideshow-1' data-slideshow-options=\"{&quot;animation&quot;:&quot;fade&quot;,&quot;autoplay&quot;:true,&quot;loop_autoplay&quot;:&quot;endless&quot;,&quot;interval&quot;:5,&quot;loop_manual&quot;:&quot;manual-endless&quot;,&quot;autoplay_stopper&quot;:false,&quot;noNavigation&quot;:false,&quot;bg_slider&quot;:false,&quot;keep_padding&quot;:false,&quot;hoverpause&quot;:false,&quot;show_slide_delay&quot;:0}\"  itemprop=\"image\" itemscope=\"itemscope\" itemtype=\"https:\/\/schema.org\/ImageObject\" ><ul class='avia-slideshow-inner ' style='padding-bottom: 42%;'><li  class='avia-slideshow-slide av-1rc0tdk-2ed166e5cdbccdf936c8219cfef5e4f7__0  slide-1 slide-odd'><div data-rel='slideshow-1' class='avia-slide-wrap '   ><div class='av-slideshow-caption av-1rc0tdk-2ed166e5cdbccdf936c8219cfef5e4f7__0 caption_fullwidth caption_center'><div class=\"container caption_container\"><div class=\"slideshow_caption\"><div class=\"slideshow_inner_caption\"><div class=\"slideshow_align_caption\"><h2 class='avia-caption-title '  itemprop=\"name\" >PADEL-TENNIS<\/h2><div class='avia-caption-content '  itemprop=\"description\" ><p>NEW!<\/p>\n<\/div><a href='https:\/\/matchpoint-world.de\/en\/tennisschule#buchung_tennis'  target=\"_blank\"  rel=\"noopener noreferrer\" class='avia-slideshow-button avia-button avia-color-light ' data-duration='800' data-easing='easeInOutQuad'>Booking<\/a><\/div><\/div><\/div><\/div><\/div><img decoding=\"async\" fetchpriority=\"high\" class=\"wp-image-8670 avia-img-lazy-loading-not-8670\"  src=\"https:\/\/matchpoint-world.de\/wp-content\/uploads\/padel1-1500x630.jpg\" width=\"1500\" height=\"630\" title='padel1' alt=''  itemprop=\"thumbnailUrl\"   \/><div class='av-section-color-overlay' style='opacity: 0.3; background-color: #000000; '><\/div><\/div><\/li><li  class='avia-slideshow-slide av-1rc0tdk-2ed166e5cdbccdf936c8219cfef5e4f7__1  slide-2 slide-even'><div data-rel='slideshow-1' class='avia-slide-wrap '   ><div class='av-slideshow-caption av-1rc0tdk-2ed166e5cdbccdf936c8219cfef5e4f7__1 caption_fullwidth caption_center'><div class=\"container caption_container\"><div class=\"slideshow_caption\"><div class=\"slideshow_inner_caption\"><div class=\"slideshow_align_caption\"><h2 class='avia-caption-title '  itemprop=\"name\" >GUARANTEED FUN FACTOR!<\/h2><div class='avia-caption-content '  itemprop=\"description\" ><p>THE BEST OF TENNIS AND SQUASH COMBINED!<\/p>\n<\/div><a href='https:\/\/matchpoint-world.de\/en\/tennisschule#buchung_tennis'  target=\"_blank\"  rel=\"noopener noreferrer\" class='avia-slideshow-button avia-button avia-color-light ' data-duration='800' data-easing='easeInOutQuad'>Booking<\/a><\/div><\/div><\/div><\/div><\/div><img decoding=\"async\" fetchpriority=\"high\" class=\"wp-image-8668 avia-img-lazy-loading-not-8668\"  src=\"https:\/\/matchpoint-world.de\/wp-content\/uploads\/padel2-1500x630.jpg\" width=\"1500\" height=\"630\" title='padel2' alt=''  itemprop=\"thumbnailUrl\"   \/><div class='av-section-color-overlay' style='opacity: 0.3; background-color: #000000; '><\/div><\/div><\/li><\/ul><div class='avia-slideshow-arrows avia-slideshow-controls' ><a href='#prev' class='prev-slide  avia-svg-icon avia-font-svg_entypo-fontello' data-av_svg_icon='left-open-big' data-av_iconset='svg_entypo-fontello' tabindex='-1' title=\"Previous\"><svg version=\"1.1\" xmlns=\"http:\/\/www.w3.org\/2000\/svg\" width=\"15\" height=\"32\" viewBox=\"0 0 15 32\" preserveAspectRatio=\"xMidYMid meet\" aria-labelledby='av-svg-title-1' aria-describedby='av-svg-desc-1' role=\"graphics-symbol\" aria-hidden=\"true\">\n<title id='av-svg-title-1'>Previous<\/title>\n<desc id='av-svg-desc-1'>Previous<\/desc>\n<path d=\"M14.464 27.84q0.832 0.832 0 1.536-0.832 0.832-1.536 0l-12.544-12.608q-0.768-0.768 0-1.6l12.544-12.608q0.704-0.832 1.536 0 0.832 0.704 0 1.536l-11.456 11.904z\"><\/path>\n<\/svg><span class='avia_hidden_link_text'>Previous<\/span><\/a><a href='#next' class='next-slide  avia-svg-icon avia-font-svg_entypo-fontello' data-av_svg_icon='right-open-big' data-av_iconset='svg_entypo-fontello' tabindex='-1' title=\"Next\"><svg version=\"1.1\" xmlns=\"http:\/\/www.w3.org\/2000\/svg\" width=\"15\" height=\"32\" viewBox=\"0 0 15 32\" preserveAspectRatio=\"xMidYMid meet\" aria-labelledby='av-svg-title-2' aria-describedby='av-svg-desc-2' role=\"graphics-symbol\" aria-hidden=\"true\">\n<title id='av-svg-title-2'>Next<\/title>\n<desc id='av-svg-desc-2'>Next<\/desc>\n<path d=\"M0.416 27.84l11.456-11.84-11.456-11.904q-0.832-0.832 0-1.536 0.832-0.832 1.536 0l12.544 12.608q0.768 0.832 0 1.6l-12.544 12.608q-0.704 0.832-1.536 0-0.832-0.704 0-1.536z\"><\/path>\n<\/svg><span class='avia_hidden_link_text'>Next<\/span><\/a><\/div><div class='avia-slideshow-dots avia-slideshow-controls'><a href='#1' class='goto-slide active' >1<\/a><a href='#2' class='goto-slide ' >2<\/a><\/div><\/div><\/div><div id='after_full_slider_1'  class='main_color av_default_container_wrap container_wrap sidebar_right'  ><div class='container av-section-cont-open' ><div class='template-page content  av-content-small alpha units'><div class='post-entry post-entry-type-page post-entry-8665'><div class='entry-content-wrapper clearfix'>\n\n<style type=\"text\/css\" data-created_by=\"avia_inline_auto\" id=\"style-css-av-7o9yiw-513b72fd5e8e5c5218c468e453a7dc52\">\n.flex_column.av-7o9yiw-513b72fd5e8e5c5218c468e453a7dc52{\nborder-radius:0px 0px 0px 0px;\npadding:0px 0px 0px 0px;\n}\n<\/style>\n<div  class='flex_column av-7o9yiw-513b72fd5e8e5c5218c468e453a7dc52 av_one_half  avia-builder-el-1  el_after_av_slideshow_full  el_before_av_two_fifth  avia-builder-el-first  first flex_column_div av-zero-column-padding  '     ><p><section  class='av_textblock_section av-kobolq9y-5d91ebc635088ddbf73c66d3999cb0a6 '   itemscope=\"itemscope\" itemtype=\"https:\/\/schema.org\/CreativeWork\" ><div class='avia_textblock'  itemprop=\"text\" ><p><strong>NEW!<\/strong> PADEL TENNIS<\/p>\n<p>THE BEST OF TENNIS AND SQUASH COMBINED!<\/p>\n<p>GUARANTEED FUN FACTOR!<\/p>\n<p>We currently offer padel tennis exclusively at the Playitas Resort.<\/p>\n<\/div><\/section><br \/>\n\n<style type=\"text\/css\" data-created_by=\"avia_inline_auto\" id=\"style-css-av-3a80k8-09ead50ed82a8ed8d6151d5a6c09d82b\">\n#top .hr.hr-invisible.av-3a80k8-09ead50ed82a8ed8d6151d5a6c09d82b{\nheight:20px;\n}\n<\/style>\n<div  class='hr av-3a80k8-09ead50ed82a8ed8d6151d5a6c09d82b hr-invisible  avia-builder-el-3  el_after_av_textblock  el_before_av_image '><span class='hr-inner '><span class=\"hr-inner-style\"><\/span><\/span><\/div><br \/>\n\n<style type=\"text\/css\" data-created_by=\"avia_inline_auto\" id=\"style-css-av-koct9mzl-5e8a305a2527be6eb7c984135000cf83\">\n.avia-image-container.av-koct9mzl-5e8a305a2527be6eb7c984135000cf83 img.avia_image{\nbox-shadow:none;\n}\n.avia-image-container.av-koct9mzl-5e8a305a2527be6eb7c984135000cf83 .av-image-caption-overlay-center{\ncolor:#ffffff;\n}\n<\/style>\n<div  class='avia-image-container av-koct9mzl-5e8a305a2527be6eb7c984135000cf83 av-styling- avia_animated_image av-animated-when-visible-95 av-rotateInUpRight avia-align-left  avia-builder-el-4  el_after_av_hr  avia-builder-el-last '   itemprop=\"image\" itemscope=\"itemscope\" itemtype=\"https:\/\/schema.org\/ImageObject\" ><div class=\"avia-image-container-inner\"><div class=\"avia-image-overlay-wrap\"><img decoding=\"async\" fetchpriority=\"high\" class='wp-image-8708 avia-img-lazy-loading-not-8708 avia_image ' src=\"https:\/\/matchpoint-world.de\/wp-content\/uploads\/padel1-1.jpg\" alt='' title='padel1'  height=\"600\" width=\"450\"  itemprop=\"thumbnailUrl\" srcset=\"https:\/\/matchpoint-world.de\/wp-content\/uploads\/padel1-1.jpg 450w, https:\/\/matchpoint-world.de\/wp-content\/uploads\/padel1-1-225x300.jpg 225w\" sizes=\"(max-width: 450px) 100vw, 450px\" \/><\/div><\/div><\/div><\/p><\/div>\n\n<style type=\"text\/css\" data-created_by=\"avia_inline_auto\" id=\"style-css-av-69homh-f4ccbde7371672bf16db24e399b0a471\">\n.flex_column.av-69homh-f4ccbde7371672bf16db24e399b0a471{\nborder-radius:0px 0px 0px 0px;\npadding:0px 0px 0px 0px;\n}\n<\/style>\n<div  class='flex_column av-69homh-f4ccbde7371672bf16db24e399b0a471 av_two_fifth  avia-builder-el-5  el_after_av_one_half  avia-builder-el-last  flex_column_div av-zero-column-padding  '     ><p>\n<style type=\"text\/css\" data-created_by=\"avia_inline_auto\" id=\"style-css-av-lr3ixid6-d89632f3783cefe02b4a3bc3f68630d1\">\n#top .av-special-heading.av-lr3ixid6-d89632f3783cefe02b4a3bc3f68630d1{\npadding-bottom:10px;\n}\nbody .av-special-heading.av-lr3ixid6-d89632f3783cefe02b4a3bc3f68630d1 .av-special-heading-tag .heading-char{\nfont-size:25px;\n}\n.av-special-heading.av-lr3ixid6-d89632f3783cefe02b4a3bc3f68630d1 .av-subheading{\nfont-size:15px;\n}\n<\/style>\n<div  class='av-special-heading av-lr3ixid6-d89632f3783cefe02b4a3bc3f68630d1 av-special-heading-h1  avia-builder-el-6  el_before_av_hr  avia-builder-el-first '><h1 class='av-special-heading-tag '  itemprop=\"headline\"  >PRICES PADEL<\/h1><div class=\"special-heading-border\"><div class=\"special-heading-inner-border\"><\/div><\/div><\/div><br \/>\n\n<style type=\"text\/css\" data-created_by=\"avia_inline_auto\" id=\"style-css-av-4f2kdl-d6b17231fb00756bfbf6f75cdd95c7f7\">\n#top .hr.hr-invisible.av-4f2kdl-d6b17231fb00756bfbf6f75cdd95c7f7{\nheight:20px;\n}\n<\/style>\n<div  class='hr av-4f2kdl-d6b17231fb00756bfbf6f75cdd95c7f7 hr-invisible  avia-builder-el-7  el_after_av_heading  el_before_av_catalogue '><span class='hr-inner '><span class=\"hr-inner-style\"><\/span><\/span><\/div><br \/>\n<div  class='av-catalogue-container av-lr3j27xa-788dcf414153587427d85c1658463ff2  avia-builder-el-8  el_after_av_hr  avia-builder-el-last '><ul class='av-catalogue-list'>\n<li><div class='av-catalogue-item av-lr3j09b6-b336e3c2c934719039b04b52ff211fd9' ><div class=\"av-catalogue-item-inner\"><div class=\"av-catalogue-title-container\"><div class='av-catalogue-title'>TRAINING ADULTS<\/div><div class='av-catalogue-price'>174,00 \u20ac<\/div><\/div><div class=\"av-catalogue-content\">\n<span style=\"color: #000000\">from 13 years<\/span><br \/>\n<span style=\"color: #000000\"> 3x 60 min. Individual<\/span><br \/>\n<\/div><\/div><\/div><\/li>\n<li><div class='av-catalogue-item av-lr3j1bi3-bbaec5a9414d0aeb62ad928c57be71f6' ><div class=\"av-catalogue-item-inner\"><div class=\"av-catalogue-title-container\"><div class='av-catalogue-title'>2er-Course<\/div><div class='av-catalogue-price'>111,00 \u20ac p.P.<\/div><\/div><div class=\"av-catalogue-content\">\n<span style=\"color: #000000\">from 13 years<\/span><br \/>\n<span style=\"color: #000000\"> 3x 60 min.<\/span><br \/>\n<\/div><\/div><\/div><\/li>\n<li><div class='av-catalogue-item av-lr3j1fov-122708331d8dd52595655536f889bcd7' ><div class=\"av-catalogue-item-inner\"><div class=\"av-catalogue-title-container\"><div class='av-catalogue-title'>TRAINING Kids<\/div><div class='av-catalogue-price'>147,00\u20ac<\/div><\/div><div class=\"av-catalogue-content\">\n<span style=\"color: #000000\">up to 12 years<\/span><br \/>\n<span style=\"color: #000000\"> 3x 60 min. Individual<\/span><br \/>\n<\/div><\/div><\/div><\/li>\n<li><div class='av-catalogue-item av-2gihh5-631e8613e601bf36fb2fde85e299cdbb' ><div class=\"av-catalogue-item-inner\"><div class=\"av-catalogue-title-container\"><div class='av-catalogue-title'>TRAINING Kids(2 pers.)<\/div><div class='av-catalogue-price'>96,00\u20ac p. P.<\/div><\/div><div class=\"av-catalogue-content\">\n<span style=\"color: #000000\">up to 12 years<\/span><br \/>\n<span style=\"color: #000000\"> 3x 60 min. 2 persons<\/span><br \/>\n<\/div><\/div><\/div><\/li>\n<li><div class='av-catalogue-item av-lr3j25p7-53b1f151c3a3c9307f61fdf3b93b7a3e' ><div class=\"av-catalogue-item-inner\"><div class=\"av-catalogue-title-container\"><div class='av-catalogue-title'>PADEL Tournament<\/div><div class='av-catalogue-price'>18,00 \u20ac<\/div><\/div><div class=\"av-catalogue-content\">\n<span style=\"color: #000000\">Mix, 2 hours<\/span><br \/>\n<\/div><\/div><\/div><\/li>\n<li><div class='av-catalogue-item av-lv2is4mw-6e8f137479383fe515414a8b33e1803c' ><div class=\"av-catalogue-item-inner\"><div class=\"av-catalogue-title-container\"><div class='av-catalogue-title'>Padelcamp<\/div><div class='av-catalogue-price'>69,00\u20ac p.P.<\/div><\/div><div class=\"av-catalogue-content\">\n<span style=\"color: #000000\">3x 60 min. max 4 Persons<\/span><br \/>\n<\/div><\/div><\/div><\/li>\n<\/ul><\/div><\/p><\/div>\n","protected":false},"excerpt":{"rendered":"","protected":false},"author":1,"featured_media":0,"parent":0,"menu_order":0,"comment_status":"closed","ping_status":"closed","template":"","meta":{"footnotes":""},"class_list":["post-8665","page","type-page","status-publish","hentry"],"yoast_head":"<!-- This site is optimized with the Yoast SEO plugin v27.4 - https:\/\/yoast.com\/product\/yoast-seo-wordpress\/ -->\n<title>Markenstarke Premium Boutiquen auf Fuerteventura<\/title>\n<meta name=\"description\" content=\"In unseren Sportshops und Premium Botiquen im S\u00fcden Fuerteventuras f\u00fchren wir hochwertige Marken f\u00fcr Erwachsene und Kinder. Wir f\u00fchren folgende Marken: Hilfiger, Superdry, Pepe Jeans, Gaastra, Polo, Head, Kswiss, Bidi Badu, Speedo, etc\" \/>\n<meta name=\"robots\" content=\"index, follow, max-snippet:-1, max-image-preview:large, max-video-preview:-1\" \/>\n<link rel=\"canonical\" href=\"https:\/\/matchpoint-world.de\/en\/padel\" \/>\n<meta property=\"og:locale\" content=\"en_US\" \/>\n<meta property=\"og:type\" content=\"article\" \/>\n<meta property=\"og:title\" content=\"Markenstarke Premium Boutiquen auf Fuerteventura\" \/>\n<meta property=\"og:description\" content=\"In unseren Sportshops und Premium Botiquen im S\u00fcden Fuerteventuras f\u00fchren wir hochwertige Marken f\u00fcr Erwachsene und Kinder. Wir f\u00fchren folgende Marken: Hilfiger, Superdry, Pepe Jeans, Gaastra, Polo, Head, Kswiss, Bidi Badu, Speedo, etc\" \/>\n<meta property=\"og:url\" content=\"https:\/\/matchpoint-world.de\/en\/padel\" \/>\n<meta property=\"og:site_name\" content=\"Tennisschule Matchpoint\" \/>\n<meta property=\"article:modified_time\" content=\"2024-04-16T15:09:55+00:00\" \/>\n<meta name=\"twitter:card\" content=\"summary_large_image\" \/>\n<meta name=\"twitter:label1\" content=\"Est. reading time\" \/>\n\t<meta name=\"twitter:data1\" content=\"2 minutes\" \/>\n<script type=\"application\/ld+json\" class=\"yoast-schema-graph\">{\"@context\":\"https:\\\/\\\/schema.org\",\"@graph\":[{\"@type\":\"WebPage\",\"@id\":\"https:\\\/\\\/matchpoint-world.de\\\/en\\\/padel\",\"url\":\"https:\\\/\\\/matchpoint-world.de\\\/en\\\/padel\",\"name\":\"Markenstarke Premium Boutiquen auf Fuerteventura\",\"isPartOf\":{\"@id\":\"https:\\\/\\\/matchpoint-world.de\\\/en\\\/#website\"},\"datePublished\":\"2021-05-07T08:59:38+00:00\",\"dateModified\":\"2024-04-16T15:09:55+00:00\",\"description\":\"In unseren Sportshops und Premium Botiquen im S\u00fcden Fuerteventuras f\u00fchren wir hochwertige Marken f\u00fcr Erwachsene und Kinder. Wir f\u00fchren folgende Marken: Hilfiger, Superdry, Pepe Jeans, Gaastra, Polo, Head, Kswiss, Bidi Badu, Speedo, etc\",\"breadcrumb\":{\"@id\":\"https:\\\/\\\/matchpoint-world.de\\\/en\\\/padel#breadcrumb\"},\"inLanguage\":\"en-US\",\"potentialAction\":[{\"@type\":\"ReadAction\",\"target\":[\"https:\\\/\\\/matchpoint-world.de\\\/en\\\/padel\"]}]},{\"@type\":\"BreadcrumbList\",\"@id\":\"https:\\\/\\\/matchpoint-world.de\\\/en\\\/padel#breadcrumb\",\"itemListElement\":[{\"@type\":\"ListItem\",\"position\":1,\"name\":\"Startseite\",\"item\":\"https:\\\/\\\/matchpoint-world.de\\\/en\"},{\"@type\":\"ListItem\",\"position\":2,\"name\":\"Padel\"}]},{\"@type\":\"WebSite\",\"@id\":\"https:\\\/\\\/matchpoint-world.de\\\/en\\\/#website\",\"url\":\"https:\\\/\\\/matchpoint-world.de\\\/en\\\/\",\"name\":\"Tennisschule Matchpoint\",\"description\":\"Schwimmschule Sharky\",\"potentialAction\":[{\"@type\":\"SearchAction\",\"target\":{\"@type\":\"EntryPoint\",\"urlTemplate\":\"https:\\\/\\\/matchpoint-world.de\\\/en\\\/?s={search_term_string}\"},\"query-input\":{\"@type\":\"PropertyValueSpecification\",\"valueRequired\":true,\"valueName\":\"search_term_string\"}}],\"inLanguage\":\"en-US\"}]}<\/script>\n<!-- \/ Yoast SEO plugin. -->","yoast_head_json":{"title":"Markenstarke Premium Boutiquen auf Fuerteventura","description":"In unseren Sportshops und Premium Botiquen im S\u00fcden Fuerteventuras f\u00fchren wir hochwertige Marken f\u00fcr Erwachsene und Kinder. Wir f\u00fchren folgende Marken: Hilfiger, Superdry, Pepe Jeans, Gaastra, Polo, Head, Kswiss, Bidi Badu, Speedo, etc","robots":{"index":"index","follow":"follow","max-snippet":"max-snippet:-1","max-image-preview":"max-image-preview:large","max-video-preview":"max-video-preview:-1"},"canonical":"https:\/\/matchpoint-world.de\/en\/padel","og_locale":"en_US","og_type":"article","og_title":"Markenstarke Premium Boutiquen auf Fuerteventura","og_description":"In unseren Sportshops und Premium Botiquen im S\u00fcden Fuerteventuras f\u00fchren wir hochwertige Marken f\u00fcr Erwachsene und Kinder. Wir f\u00fchren folgende Marken: Hilfiger, Superdry, Pepe Jeans, Gaastra, Polo, Head, Kswiss, Bidi Badu, Speedo, etc","og_url":"https:\/\/matchpoint-world.de\/en\/padel","og_site_name":"Tennisschule Matchpoint","article_modified_time":"2024-04-16T15:09:55+00:00","twitter_card":"summary_large_image","twitter_misc":{"Est. reading time":"2 minutes"},"schema":{"@context":"https:\/\/schema.org","@graph":[{"@type":"WebPage","@id":"https:\/\/matchpoint-world.de\/en\/padel","url":"https:\/\/matchpoint-world.de\/en\/padel","name":"Markenstarke Premium Boutiquen auf Fuerteventura","isPartOf":{"@id":"https:\/\/matchpoint-world.de\/en\/#website"},"datePublished":"2021-05-07T08:59:38+00:00","dateModified":"2024-04-16T15:09:55+00:00","description":"In unseren Sportshops und Premium Botiquen im S\u00fcden Fuerteventuras f\u00fchren wir hochwertige Marken f\u00fcr Erwachsene und Kinder. Wir f\u00fchren folgende Marken: Hilfiger, Superdry, Pepe Jeans, Gaastra, Polo, Head, Kswiss, Bidi Badu, Speedo, etc","breadcrumb":{"@id":"https:\/\/matchpoint-world.de\/en\/padel#breadcrumb"},"inLanguage":"en-US","potentialAction":[{"@type":"ReadAction","target":["https:\/\/matchpoint-world.de\/en\/padel"]}]},{"@type":"BreadcrumbList","@id":"https:\/\/matchpoint-world.de\/en\/padel#breadcrumb","itemListElement":[{"@type":"ListItem","position":1,"name":"Startseite","item":"https:\/\/matchpoint-world.de\/en"},{"@type":"ListItem","position":2,"name":"Padel"}]},{"@type":"WebSite","@id":"https:\/\/matchpoint-world.de\/en\/#website","url":"https:\/\/matchpoint-world.de\/en\/","name":"Tennisschule Matchpoint","description":"Schwimmschule Sharky","potentialAction":[{"@type":"SearchAction","target":{"@type":"EntryPoint","urlTemplate":"https:\/\/matchpoint-world.de\/en\/?s={search_term_string}"},"query-input":{"@type":"PropertyValueSpecification","valueRequired":true,"valueName":"search_term_string"}}],"inLanguage":"en-US"}]}},"_links":{"self":[{"href":"https:\/\/matchpoint-world.de\/en\/wp-json\/wp\/v2\/pages\/8665","targetHints":{"allow":["GET"]}}],"collection":[{"href":"https:\/\/matchpoint-world.de\/en\/wp-json\/wp\/v2\/pages"}],"about":[{"href":"https:\/\/matchpoint-world.de\/en\/wp-json\/wp\/v2\/types\/page"}],"author":[{"embeddable":true,"href":"https:\/\/matchpoint-world.de\/en\/wp-json\/wp\/v2\/users\/1"}],"replies":[{"embeddable":true,"href":"https:\/\/matchpoint-world.de\/en\/wp-json\/wp\/v2\/comments?post=8665"}],"version-history":[{"count":0,"href":"https:\/\/matchpoint-world.de\/en\/wp-json\/wp\/v2\/pages\/8665\/revisions"}],"wp:attachment":[{"href":"https:\/\/matchpoint-world.de\/en\/wp-json\/wp\/v2\/media?parent=8665"}],"curies":[{"name":"wp","href":"https:\/\/api.w.org\/{rel}","templated":true}]}}